{"id":270,"date":"2018-08-01T03:09:31","date_gmt":"2018-08-01T03:09:31","guid":{"rendered":"http:\/\/demo.casethemes.net\/unfinityplus-finance\/?page_id=270"},"modified":"2025-11-11T23:17:42","modified_gmt":"2025-11-11T21:17:42","slug":"home","status":"publish","type":"page","link":"https:\/\/stellaurum.eu\/en\/","title":{"rendered":"Home"},"content":{"rendered":"<section class=\"wpb-content-wrapper\">[vc_row full_width=&#8221;stretch_row&#8221; content_placement=&#8221;middle&#8221; el_id=&#8221;section-home&#8221; css=&#8221;.vc_custom_1759064510305{background-image: url(https:\/\/stellaurum.eu\/en\/wp-content\/uploads\/2025\/09\/layer3.jpg?id=1838) !important;}&#8221;][vc_column width=&#8221;1\/4&#8243;][vc_single_image image=&#8221;1798&#8243; img_size=&#8221;large&#8221; alignment=&#8221;center&#8221;][vc_column_text css_animation=&#8221;bottom-to-top&#8221;]\n<h4 style=\"text-align: center;\">CNC Machining and Turning for the Oil &amp; Geothermal Industries<\/h4>\n[\/vc_column_text][\/vc_column][vc_column width=&#8221;3\/4&#8243;][vc_images_carousel images=&#8221;1883,1881,1751&#8243; img_size=&#8221;full&#8221; onclick=&#8221;link_no&#8221; speed=&#8221;3500&#8243; autoplay=&#8221;yes&#8221; hide_pagination_control=&#8221;yes&#8221; wrap=&#8221;yes&#8221; css_animation=&#8221;zoomIn&#8221;][\/vc_column][\/vc_row][vc_row full_width=&#8221;stretch_row&#8221; css=&#8221;.vc_custom_1762895859456{padding-top: 20px !important;background-color: #313e57 !important;}&#8221; el_id=&#8221;about_us&#8221;][vc_column css=&#8221;.vc_custom_1759012352468{padding-top: 20px !important;padding-bottom: 10px !important;}&#8221;][cms_heading text=&#8221;ABOUT US&#8221; tag=&#8221;h1&#8243; align_lg=&#8221;align-center&#8221; align_md=&#8221;align-center-md&#8221; align_sm=&#8221;align-center-sm&#8221; align_xs=&#8221;align-center-xs&#8221; font_size=&#8221;40&#8243; font_size_md=&#8221;35&#8243; font_size_sm=&#8221;30&#8243; font_size_xs=&#8221;30&#8243; font_weight=&#8221;400&#8243; divider=&#8221;divider1&#8243; text_color=&#8221;#ffffff&#8221; custom_fonts=&#8221;true&#8221; google_fonts=&#8221;font_family:Exo%3A100%2C100italic%2C200%2C200italic%2C300%2C300italic%2Cregular%2Citalic%2C500%2C500italic%2C600%2C600italic%2C700%2C700italic%2C800%2C800italic%2C900%2C900italic|font_style:700%20bold%20regular%3A700%3Anormal&#8221;][vc_row_inner css=&#8221;.vc_custom_1759060237501{padding-top: 0px !important;}&#8221;][vc_column_inner width=&#8221;1\/2&#8243; animation_column=&#8221;fadeInUp&#8221;][vc_column_text css_animation=&#8221;bottom-to-top&#8221;]\n<p style=\"text-align: left;\">Our company delivers reliable and high-quality services in CNC machining and turning for the oil, gas and geothermal industry. Since the very beginning, our mission has been to provide products and solutions that stand the test of time and meet the most demanding challenges of the industry.<\/p>\n<p style=\"text-align: left;\">With our modern machinery and skilled professionals, we carry out precision work \u2013 whether it is custom manufacturing or serial production. We place strong emphasis on quality assurance, meeting deadlines, and cost-effective execution, because the success of our clients is also our success.<\/p>\n<p style=\"text-align: left;\">In addition to technical execution, we offer full support in the oil and geothermal sectors. Our services include geothermal drilling supervision and coordination, where our experienced experts ensure efficient and safe operations. We also provide complete project management \u2013 from planning to implementation \u2013 so that our clients can rely on us at every step of their project.<\/p>\n<p style=\"text-align: left;\">Our goal is to be a stable, reliable, and long-term partner for both domestic and international clients. Expertise, precision, and innovation are our core values, ensuring the highest standards in every project we undertake.<\/p>\n[\/vc_column_text][\/vc_column_inner][vc_column_inner width=&#8221;1\/2&#8243;][vc_single_image image=&#8221;1816&#8243; img_size=&#8221;medium&#8221; alignment=&#8221;right&#8221; css_animation=&#8221;fadeIn&#8221;][\/vc_column_inner][\/vc_row_inner][\/vc_column][\/vc_row][vc_row full_width=&#8221;stretch_row&#8221; css=&#8221;.vc_custom_1762895824209{padding-top: 10px !important;padding-bottom: 10px !important;background-color: #202b42 !important;}&#8221; el_id=&#8221;our_services&#8221;][vc_column css=&#8221;.vc_custom_1676327623202{padding-top: 40px !important;padding-bottom: 10px !important;}&#8221;][cms_heading text=&#8221;OUR SERVICES&#8221; tag=&#8221;h1&#8243; align_lg=&#8221;align-center&#8221; align_md=&#8221;align-center-md&#8221; align_sm=&#8221;align-center-sm&#8221; align_xs=&#8221;align-center-xs&#8221; font_size=&#8221;40&#8243; font_size_md=&#8221;35&#8243; font_size_sm=&#8221;30&#8243; font_size_xs=&#8221;30&#8243; font_weight=&#8221;400&#8243; divider=&#8221;divider1&#8243; text_color=&#8221;#ffffff&#8221; custom_fonts=&#8221;true&#8221; google_fonts=&#8221;font_family:Exo%3A100%2C100italic%2C200%2C200italic%2C300%2C300italic%2Cregular%2Citalic%2C500%2C500italic%2C600%2C600italic%2C700%2C700italic%2C800%2C800italic%2C900%2C900italic|font_style:700%20bold%20regular%3A700%3Anormal&#8221;][vc_row_inner css=&#8221;.vc_custom_1759092623433{padding-top: 10px !important;padding-bottom: 10px !important;}&#8221;][vc_column_inner width=&#8221;1\/4&#8243; animation_column=&#8221;fadeInUp&#8221;][vc_single_image image=&#8221;1852&#8243; img_size=&#8221;medium&#8221; alignment=&#8221;center&#8221; css_animation=&#8221;fadeInUp&#8221;][vc_column_text css_animation=&#8221;bottom-to-top&#8221; text_align=&#8221;text-center&#8221;]\n<p style=\"text-align: center;\">CNC metalworking and turning<\/p>\n[\/vc_column_text][\/vc_column_inner][vc_column_inner width=&#8221;1\/4&#8243;][vc_single_image image=&#8221;1854&#8243; img_size=&#8221;medium&#8221; alignment=&#8221;center&#8221; css_animation=&#8221;fadeInUp&#8221;][vc_column_text css_animation=&#8221;bottom-to-top&#8221; text_align=&#8221;text-center&#8221;]\n<p style=\"text-align: center;\">Inspection and Repair of Drilling Tools<\/p>\n[\/vc_column_text][\/vc_column_inner][vc_column_inner width=&#8221;1\/4&#8243;][vc_single_image image=&#8221;1856&#8243; img_size=&#8221;medium&#8221; alignment=&#8221;center&#8221; css_animation=&#8221;fadeInUp&#8221;][vc_column_text css_animation=&#8221;bottom-to-top&#8221; text_align=&#8221;text-center&#8221;]\n<p style=\"text-align: center;\">Geothermal and Oil Drilling Supervision<\/p>\n[\/vc_column_text][\/vc_column_inner][vc_column_inner width=&#8221;1\/4&#8243;][vc_single_image image=&#8221;1867&#8243; img_size=&#8221;medium&#8221; alignment=&#8221;center&#8221; css_animation=&#8221;fadeInUp&#8221;][vc_column_text css_animation=&#8221;bottom-to-top&#8221; text_align=&#8221;text-center&#8221;]\n<p style=\"text-align: center;\">Project Management in Oil and Geothermal Projects<\/p>\n[\/vc_column_text][\/vc_column_inner][\/vc_row_inner][\/vc_column][\/vc_row][vc_row full_width=&#8221;stretch_row&#8221; parallax=&#8221;content-moving&#8221; parallax_image=&#8221;238&#8243; parallax_speed_bg=&#8221;1.8&#8243; ct_row_class=&#8221;row-overlay&#8221; cms_row_class=&#8221;row-overlay&#8221; css=&#8221;.vc_custom_1762895705302{padding-top: 20px !important;padding-bottom: 40px !important;background-image: url(https:\/\/stellaurum.eu\/en\/wp-content\/uploads\/2025\/09\/layer5.jpg?id=1869) !important;}&#8221; el_id=&#8221;contact_us&#8221;][vc_column][cms_heading text=&#8221;CONTACT US&#8221; tag=&#8221;h1&#8243; align_lg=&#8221;align-center&#8221; align_md=&#8221;align-center-md&#8221; align_sm=&#8221;align-center-sm&#8221; align_xs=&#8221;align-center-xs&#8221; font_size=&#8221;40&#8243; font_size_md=&#8221;35&#8243; font_size_sm=&#8221;30&#8243; font_size_xs=&#8221;30&#8243; font_weight=&#8221;400&#8243; divider=&#8221;divider1&#8243; text_color=&#8221;#ffffff&#8221; custom_fonts=&#8221;true&#8221; google_fonts=&#8221;font_family:Exo%3A100%2C100italic%2C200%2C200italic%2C300%2C300italic%2Cregular%2Citalic%2C500%2C500italic%2C600%2C600italic%2C700%2C700italic%2C800%2C800italic%2C900%2C900italic|font_style:700%20bold%20regular%3A700%3Anormal&#8221;][vc_row_inner][vc_column_inner][vc_column_text css_animation=&#8221;zoomIn&#8221;]\n<p style=\"text-align: center;\">\u00a0<img loading=\"lazy\" decoding=\"async\" class=\"alignnone wp-image-1859 size-full\" src=\"https:\/\/stellaurum.eu\/en\/wp-content\/uploads\/2025\/09\/pin.png\" alt=\"\" width=\"15\" height=\"19\" \/>\u00a0 \u00a06100 Kiskunf\u00e9legyh\u00e1za, Csanyi \u00fat 14.<\/p>\n<p style=\"text-align: center;\">\u00a0<img loading=\"lazy\" decoding=\"async\" class=\"alignnone wp-image-1860 size-full\" src=\"https:\/\/stellaurum.eu\/en\/wp-content\/uploads\/2025\/09\/mail.png\" alt=\"\" width=\"15\" height=\"19\" \/>\u00a0 \u00a0<a href=\"mailto:info@stellaurum.eu\">info@stellaurum.eu<\/a><\/p>\n<p style=\"text-align: center;\"><img loading=\"lazy\" decoding=\"async\" class=\"alignnone wp-image-1861 size-full\" src=\"https:\/\/stellaurum.eu\/en\/wp-content\/uploads\/2025\/09\/phone.png\" alt=\"\" width=\"15\" height=\"19\" \/>\u00a0 \u00a0+36 70 856 6169<\/p>\n[\/vc_column_text][\/vc_column_inner][\/vc_row_inner][\/vc_column][\/vc_row][vc_row full_width=&#8221;stretch_row&#8221; parallax=&#8221;content-moving&#8221; parallax_image=&#8221;238&#8243; parallax_speed_bg=&#8221;1.8&#8243; ct_row_class=&#8221;row-overlay&#8221; cms_row_class=&#8221;row-overlay&#8221; css=&#8221;.vc_custom_1759223095420{padding-top: 30px !important;padding-bottom: 20px !important;background-color: #35435d !important;}&#8221;][vc_column width=&#8221;1\/2&#8243; css=&#8221;.vc_custom_1533033549183{padding-top: 40px !important;}&#8221;][vc_gmaps link=&#8221;#E-8_JTNDaWZyYW1lJTIwc3JjJTNEJTIyaHR0cHMlM0ElMkYlMkZ3d3cuZ29vZ2xlLmNvbSUyRm1hcHMlMkZlbWJlZCUzRnBiJTNEJTIxMW0xOCUyMTFtMTIlMjExbTMlMjExZDI3MzYuMzQyMzg0MjE3NjcyJTIxMmQxOS44NjEyMTAzMTIzMjA2NzYlMjEzZDQ2LjY5ODk3ODc1MDA5MDI2JTIxMm0zJTIxMWYwJTIxMmYwJTIxM2YwJTIxM20yJTIxMWkxMDI0JTIxMmk3NjglMjE0ZjEzLjElMjEzbTMlMjExbTIlMjExczB4NDc0M2ViOGY2MmU4ODQzZiUyNTNBMHgyMWE0YzdhZDg2NmVhZTExJTIxMnpTMmx6YTNWdVpzT3BiR1ZuZVdqRG9YcGhMQ0JEYzJGdWVXa2d3N3AwSURFMExDQTJNVEF3SUUxaFozbGhjbTl5YzNyRG9XYyUyMTVlMCUyMTNtMiUyMTFzaHUlMjEyc2VzJTIxNHYxNzYwNDM3OTc4MzA2JTIxNW0yJTIxMXNodSUyMTJzZXMlMjIlMjB3aWR0aCUzRCUyMjYwMCUyMiUyMGhlaWdodCUzRCUyMjQ1MCUyMiUyMHN0eWxlJTNEJTIyYm9yZGVyJTNBMCUzQiUyMiUyMGFsbG93ZnVsbHNjcmVlbiUzRCUyMiUyMiUyMGxvYWRpbmclM0QlMjJsYXp5JTIyJTIwcmVmZXJyZXJwb2xpY3klM0QlMjJuby1yZWZlcnJlci13aGVuLWRvd25ncmFkZSUyMiUzRSUzQyUyRmlmcmFtZSUzRQ==&#8221; size=&#8221;624 px&#8221; css_animation=&#8221;left-to-right&#8221;][\/vc_column][vc_column width=&#8221;1\/2&#8243; css=&#8221;.vc_custom_1676298113162{margin-top: -5px !important;padding-top: 40px !important;}&#8221;][cms_heading text=&#8221;CONTACT FORM&#8221; tag=&#8221;h1&#8243; font_size=&#8221;40&#8243; font_size_md=&#8221;35&#8243; font_size_sm=&#8221;30&#8243; font_size_xs=&#8221;30&#8243; font_weight=&#8221;400&#8243; divider=&#8221;divider1&#8243; text_color=&#8221;#ffffff&#8221; custom_fonts=&#8221;true&#8221; google_fonts=&#8221;font_family:Exo%3A100%2C100italic%2C200%2C200italic%2C300%2C300italic%2Cregular%2Citalic%2C500%2C500italic%2C600%2C600italic%2C700%2C700italic%2C800%2C800italic%2C900%2C900italic|font_style:700%20bold%20regular%3A700%3Anormal&#8221; description=&#8221;Please provide your contact information and message, we will contact you soon!&#8221;][vc_empty_space height=&#8221;26px&#8221;][cms_contact_form id=&#8221;767&#8243; form_style=&#8221;form-style7&#8243; animation=&#8221;zoomIn&#8221;][\/vc_column][\/vc_row]\n<\/section>","protected":false},"excerpt":{"rendered":"<p>[vc_row full_width=&#8221;stretch_row&#8221; content_placement=&#8221;middle&#8221; el_id=&#8221;section-home&#8221; css=&#8221;.vc_custom_1759064510305{background-image: url(https:\/\/stellaurum.eu\/en\/wp-content\/uploads\/2025\/09\/layer3.jpg?id=1838) !important;}&#8221;][vc_column width=&#8221;1\/4&#8243;][vc_single_image image=&#8221;1798&#8243; img_size=&#8221;large&#8221; alignment=&#8221;center&#8221;][vc_column_text css_animation=&#8221;bottom-to-top&#8221;] CNC Machining and Turning for the Oil &amp; Geothermal Industries [\/vc_column_text][\/vc_column][vc_column width=&#8221;3\/4&#8243;][vc_images_carousel images=&#8221;1883,1881,1751&#8243; img_size=&#8221;full&#8221; onclick=&#8221;link_no&#8221; speed=&#8221;3500&#8243; autoplay=&#8221;yes&#8221; hide_pagination_control=&#8221;yes&#8221; wrap=&#8221;yes&#8221; css_animation=&#8221;zoomIn&#8221;][\/vc_column][\/vc_row][vc_row full_width=&#8221;stretch_row&#8221; css=&#8221;.vc_custom_1762895859456{padding-top: 20px !important;background-color: #313e57 !important;}&#8221; el_id=&#8221;about_us&#8221;][vc_column css=&#8221;.vc_custom_1759012352468{padding-top: 20px !important;padding-bottom: 10px !important;}&#8221;][cms_heading text=&#8221;ABOUT US&#8221; tag=&#8221;h1&#8243; align_lg=&#8221;align-center&#8221; align_md=&#8221;align-center-md&#8221; align_sm=&#8221;align-center-sm&#8221; align_xs=&#8221;align-center-xs&#8221; font_size=&#8221;40&#8243; font_size_md=&#8221;35&#8243; font_size_sm=&#8221;30&#8243; font_size_xs=&#8221;30&#8243; [&hellip;]<\/p>\n","protected":false},"author":3,"featured_media":0,"parent":0,"menu_order":0,"comment_status":"closed","ping_status":"closed","template":"","meta":{"footnotes":""},"class_list":["post-270","page","type-page","status-publish","hentry"],"_links":{"self":[{"href":"https:\/\/stellaurum.eu\/en\/wp-json\/wp\/v2\/pages\/270","targetHints":{"allow":["GET"]}}],"collection":[{"href":"https:\/\/stellaurum.eu\/en\/wp-json\/wp\/v2\/pages"}],"about":[{"href":"https:\/\/stellaurum.eu\/en\/wp-json\/wp\/v2\/types\/page"}],"author":[{"embeddable":true,"href":"https:\/\/stellaurum.eu\/en\/wp-json\/wp\/v2\/users\/3"}],"replies":[{"embeddable":true,"href":"https:\/\/stellaurum.eu\/en\/wp-json\/wp\/v2\/comments?post=270"}],"version-history":[{"count":379,"href":"https:\/\/stellaurum.eu\/en\/wp-json\/wp\/v2\/pages\/270\/revisions"}],"predecessor-version":[{"id":1948,"href":"https:\/\/stellaurum.eu\/en\/wp-json\/wp\/v2\/pages\/270\/revisions\/1948"}],"wp:attachment":[{"href":"https:\/\/stellaurum.eu\/en\/wp-json\/wp\/v2\/media?parent=270"}],"curies":[{"name":"wp","href":"https:\/\/api.w.org\/{rel}","templated":true}]}}